{"id":847,"date":"2022-12-08T17:32:20","date_gmt":"2022-12-08T16:32:20","guid":{"rendered":"https:\/\/www.couleurnude.fr\/?page_id=847"},"modified":"2024-10-15T22:49:28","modified_gmt":"2024-10-15T20:49:28","slug":"realisations","status":"publish","type":"page","link":"https:\/\/www.couleurnude.fr\/index.php\/realisations\/","title":{"rendered":""},"content":{"rendered":"\t\t<div data-elementor-type=\"wp-page\" data-elementor-id=\"847\" class=\"elementor elementor-847\">\n\t\t\t\t\t\t<section class=\"elementor-section elementor-top-section elementor-element elementor-element-b1b91e6 elementor-section-boxed elementor-section-height-default elementor-section-height-default\" data-id=\"b1b91e6\" data-element_type=\"section\" data-e-type=\"section\">\n\t\t\t\t\t\t<div class=\"elementor-container elementor-column-gap-default\">\n\t\t\t\t\t<div class=\"elementor-column elementor-col-100 elementor-top-column elementor-element elementor-element-36a003b\" data-id=\"36a003b\" data-element_type=\"column\" data-e-type=\"column\">\n\t\t\t<div class=\"elementor-widget-wrap elementor-element-populated\">\n\t\t\t\t\t\t<div class=\"elementor-element elementor-element-869235c elementor-widget elementor-widget-image\" data-id=\"869235c\" data-element_type=\"widget\" data-e-type=\"widget\" data-widget_type=\"image.default\">\n\t\t\t\t\t\t\t\t\t\t\t\t\t\t\t<img decoding=\"async\" width=\"1\" height=\"1\" src=\"https:\/\/www.couleurnude.fr\/wp-content\/uploads\/2023\/10\/Sejour-cuisine.jpg\" class=\"attachment-large size-large wp-image-1053\" alt=\"\" \/>\t\t\t\t\t\t\t\t\t\t\t\t\t\t\t<\/div>\n\t\t\t\t\t<\/div>\n\t\t<\/div>\n\t\t\t\t\t<\/div>\n\t\t<\/section>\n\t\t\t\t<section class=\"elementor-section elementor-top-section elementor-element elementor-element-4e685bf elementor-section-boxed elementor-section-height-default elementor-section-height-default\" data-id=\"4e685bf\" data-element_type=\"section\" data-e-type=\"section\">\n\t\t\t\t\t\t<div class=\"elementor-container elementor-column-gap-default\">\n\t\t\t\t\t<div class=\"elementor-column elementor-col-100 elementor-top-column elementor-element elementor-element-cb91c81\" data-id=\"cb91c81\" data-element_type=\"column\" data-e-type=\"column\">\n\t\t\t<div class=\"elementor-widget-wrap elementor-element-populated\">\n\t\t\t\t\t\t<div class=\"elementor-element elementor-element-2d1ec15 elementor-widget elementor-widget-heading\" data-id=\"2d1ec15\" data-element_type=\"widget\" data-e-type=\"widget\" data-widget_type=\"heading.default\">\n\t\t\t\t\t<h3 class=\"elementor-heading-title elementor-size-default\">Mes Moodboards<\/h3>\t\t\t\t<\/div>\n\t\t\t\t\t<\/div>\n\t\t<\/div>\n\t\t\t\t\t<\/div>\n\t\t<\/section>\n\t\t\t\t<section class=\"elementor-section elementor-top-section elementor-element elementor-element-a8dc524 elementor-section-full_width elementor-section-stretched elementor-section-height-default elementor-section-height-default\" data-id=\"a8dc524\" data-element_type=\"section\" data-e-type=\"section\" data-settings=\"{&quot;stretch_section&quot;:&quot;section-stretched&quot;}\">\n\t\t\t\t\t\t<div class=\"elementor-container elementor-column-gap-default\">\n\t\t\t\t\t<div class=\"elementor-column elementor-col-100 elementor-top-column elementor-element elementor-element-96e6560\" data-id=\"96e6560\" data-element_type=\"column\" data-e-type=\"column\">\n\t\t\t<div class=\"elementor-widget-wrap elementor-element-populated\">\n\t\t\t\t\t\t<div class=\"elementor-element elementor-element-22e132a elementor-widget elementor-widget-spacer\" data-id=\"22e132a\" data-element_type=\"widget\" data-e-type=\"widget\" data-widget_type=\"spacer.default\">\n\t\t\t\t\t\t\t<div class=\"elementor-spacer\">\n\t\t\t<div class=\"elementor-spacer-inner\"><\/div>\n\t\t<\/div>\n\t\t\t\t\t\t<\/div>\n\t\t\t\t<section class=\"elementor-section elementor-inner-section elementor-element elementor-element-893e4c6 elementor-section-boxed elementor-section-height-default elementor-section-height-default\" data-id=\"893e4c6\" data-element_type=\"section\" data-e-type=\"section\">\n\t\t\t\t\t\t<div class=\"elementor-container elementor-column-gap-default\">\n\t\t\t\t\t<div class=\"elementor-column elementor-col-50 elementor-inner-column elementor-element elementor-element-9a6c4ee\" data-id=\"9a6c4ee\" data-element_type=\"column\" data-e-type=\"column\">\n\t\t\t<div class=\"elementor-widget-wrap elementor-element-populated\">\n\t\t\t\t\t\t<div class=\"elementor-element elementor-element-458acbf elementor-widget elementor-widget-image\" data-id=\"458acbf\" data-element_type=\"widget\" data-e-type=\"widget\" data-widget_type=\"image.default\">\n\t\t\t\t\t\t\t\t\t\t\t\t\t\t\t<img fetchpriority=\"high\" decoding=\"async\" width=\"2000\" height=\"1600\" src=\"https:\/\/www.couleurnude.fr\/wp-content\/uploads\/2022\/11\/mood1.png\" class=\"attachment-full size-full wp-image-748\" alt=\"\" srcset=\"https:\/\/www.couleurnude.fr\/wp-content\/uploads\/2022\/11\/mood1.png 2000w, https:\/\/www.couleurnude.fr\/wp-content\/uploads\/2022\/11\/mood1-300x240.png 300w, https:\/\/www.couleurnude.fr\/wp-content\/uploads\/2022\/11\/mood1-1024x819.png 1024w, https:\/\/www.couleurnude.fr\/wp-content\/uploads\/2022\/11\/mood1-768x614.png 768w, https:\/\/www.couleurnude.fr\/wp-content\/uploads\/2022\/11\/mood1-1536x1229.png 1536w, https:\/\/www.couleurnude.fr\/wp-content\/uploads\/2022\/11\/mood1-75x60.png 75w\" sizes=\"(max-width: 2000px) 100vw, 2000px\" \/>\t\t\t\t\t\t\t\t\t\t\t\t\t\t\t<\/div>\n\t\t\t\t<div class=\"elementor-element elementor-element-2c8977f elementor-widget elementor-widget-text-editor\" data-id=\"2c8977f\" data-element_type=\"widget\" data-e-type=\"widget\" data-widget_type=\"text-editor.default\">\n\t\t\t\t\t\t\t\t\t<p>Projet de maison contemporaine \u00e0 Brindas.<\/p>\t\t\t\t\t\t\t\t<\/div>\n\t\t\t\t\t<\/div>\n\t\t<\/div>\n\t\t\t\t<div class=\"elementor-column elementor-col-50 elementor-inner-column elementor-element elementor-element-1e2df01\" data-id=\"1e2df01\" data-element_type=\"column\" data-e-type=\"column\">\n\t\t\t<div class=\"elementor-widget-wrap elementor-element-populated\">\n\t\t\t\t\t\t<div class=\"elementor-element elementor-element-18bc7f1 elementor-widget elementor-widget-image\" data-id=\"18bc7f1\" data-element_type=\"widget\" data-e-type=\"widget\" data-widget_type=\"image.default\">\n\t\t\t\t\t\t\t\t\t\t\t\t\t\t\t<img decoding=\"async\" width=\"1024\" height=\"819\" src=\"https:\/\/www.couleurnude.fr\/wp-content\/uploads\/2022\/12\/mood8-1024x819.png\" class=\"attachment-large size-large wp-image-886\" alt=\"\" srcset=\"https:\/\/www.couleurnude.fr\/wp-content\/uploads\/2022\/12\/mood8-1024x819.png 1024w, https:\/\/www.couleurnude.fr\/wp-content\/uploads\/2022\/12\/mood8-300x240.png 300w, https:\/\/www.couleurnude.fr\/wp-content\/uploads\/2022\/12\/mood8-768x614.png 768w, https:\/\/www.couleurnude.fr\/wp-content\/uploads\/2022\/12\/mood8-1536x1229.png 1536w, https:\/\/www.couleurnude.fr\/wp-content\/uploads\/2022\/12\/mood8-75x60.png 75w, https:\/\/www.couleurnude.fr\/wp-content\/uploads\/2022\/12\/mood8-24x19.png 24w, https:\/\/www.couleurnude.fr\/wp-content\/uploads\/2022\/12\/mood8-36x29.png 36w, https:\/\/www.couleurnude.fr\/wp-content\/uploads\/2022\/12\/mood8-48x38.png 48w, https:\/\/www.couleurnude.fr\/wp-content\/uploads\/2022\/12\/mood8.png 2000w\" sizes=\"(max-width: 1024px) 100vw, 1024px\" \/>\t\t\t\t\t\t\t\t\t\t\t\t\t\t\t<\/div>\n\t\t\t\t<div class=\"elementor-element elementor-element-0ef13b9 elementor-widget elementor-widget-text-editor\" data-id=\"0ef13b9\" data-element_type=\"widget\" data-e-type=\"widget\" data-widget_type=\"text-editor.default\">\n\t\t\t\t\t\t\t\t\t<p>Projet de maison contemporaine \u00e0 Marcy-l&rsquo;\u00c9toile.<\/p>\t\t\t\t\t\t\t\t<\/div>\n\t\t\t\t\t<\/div>\n\t\t<\/div>\n\t\t\t\t\t<\/div>\n\t\t<\/section>\n\t\t\t\t<div class=\"elementor-element elementor-element-9ab26b0 elementor-widget elementor-widget-spacer\" data-id=\"9ab26b0\" data-element_type=\"widget\" data-e-type=\"widget\" data-widget_type=\"spacer.default\">\n\t\t\t\t\t\t\t<div class=\"elementor-spacer\">\n\t\t\t<div class=\"elementor-spacer-inner\"><\/div>\n\t\t<\/div>\n\t\t\t\t\t\t<\/div>\n\t\t\t\t<section class=\"elementor-section elementor-inner-section elementor-element elementor-element-9a01870 elementor-section-boxed elementor-section-height-default elementor-section-height-default\" data-id=\"9a01870\" data-element_type=\"section\" data-e-type=\"section\">\n\t\t\t\t\t\t<div class=\"elementor-container elementor-column-gap-default\">\n\t\t\t\t\t<div class=\"elementor-column elementor-col-50 elementor-inner-column elementor-element elementor-element-ae3da7e\" data-id=\"ae3da7e\" data-element_type=\"column\" data-e-type=\"column\">\n\t\t\t<div class=\"elementor-widget-wrap elementor-element-populated\">\n\t\t\t\t\t\t<div class=\"elementor-element elementor-element-c1af204 elementor-widget elementor-widget-image\" data-id=\"c1af204\" data-element_type=\"widget\" data-e-type=\"widget\" data-widget_type=\"image.default\">\n\t\t\t\t\t\t\t\t\t\t\t\t\t\t\t<img loading=\"lazy\" decoding=\"async\" width=\"1024\" height=\"819\" src=\"https:\/\/www.couleurnude.fr\/wp-content\/uploads\/2022\/11\/mood2-1024x819.png\" class=\"attachment-large size-large wp-image-749\" alt=\"\" srcset=\"https:\/\/www.couleurnude.fr\/wp-content\/uploads\/2022\/11\/mood2-1024x819.png 1024w, https:\/\/www.couleurnude.fr\/wp-content\/uploads\/2022\/11\/mood2-300x240.png 300w, https:\/\/www.couleurnude.fr\/wp-content\/uploads\/2022\/11\/mood2-768x614.png 768w, https:\/\/www.couleurnude.fr\/wp-content\/uploads\/2022\/11\/mood2-1536x1229.png 1536w, https:\/\/www.couleurnude.fr\/wp-content\/uploads\/2022\/11\/mood2-75x60.png 75w, https:\/\/www.couleurnude.fr\/wp-content\/uploads\/2022\/11\/mood2.png 2000w\" sizes=\"(max-width: 1024px) 100vw, 1024px\" \/>\t\t\t\t\t\t\t\t\t\t\t\t\t\t\t<\/div>\n\t\t\t\t<div class=\"elementor-element elementor-element-f544cea elementor-widget elementor-widget-text-editor\" data-id=\"f544cea\" data-element_type=\"widget\" data-e-type=\"widget\" data-widget_type=\"text-editor.default\">\n\t\t\t\t\t\t\t\t\t<p>Projet de maison comtemporaine \u00e0 Charbonni\u00e8re.<\/p>\t\t\t\t\t\t\t\t<\/div>\n\t\t\t\t\t<\/div>\n\t\t<\/div>\n\t\t\t\t<div class=\"elementor-column elementor-col-50 elementor-inner-column elementor-element elementor-element-d9d333d\" data-id=\"d9d333d\" data-element_type=\"column\" data-e-type=\"column\">\n\t\t\t<div class=\"elementor-widget-wrap elementor-element-populated\">\n\t\t\t\t\t\t<div class=\"elementor-element elementor-element-34943b6 elementor-widget elementor-widget-image\" data-id=\"34943b6\" data-element_type=\"widget\" data-e-type=\"widget\" data-widget_type=\"image.default\">\n\t\t\t\t\t\t\t\t\t\t\t\t\t\t\t<img loading=\"lazy\" decoding=\"async\" width=\"1024\" height=\"819\" src=\"https:\/\/www.couleurnude.fr\/wp-content\/uploads\/2022\/11\/mood4-1024x819.png\" class=\"attachment-large size-large wp-image-751\" alt=\"\" srcset=\"https:\/\/www.couleurnude.fr\/wp-content\/uploads\/2022\/11\/mood4-1024x819.png 1024w, https:\/\/www.couleurnude.fr\/wp-content\/uploads\/2022\/11\/mood4-300x240.png 300w, https:\/\/www.couleurnude.fr\/wp-content\/uploads\/2022\/11\/mood4-768x614.png 768w, https:\/\/www.couleurnude.fr\/wp-content\/uploads\/2022\/11\/mood4-1536x1229.png 1536w, https:\/\/www.couleurnude.fr\/wp-content\/uploads\/2022\/11\/mood4-75x60.png 75w, https:\/\/www.couleurnude.fr\/wp-content\/uploads\/2022\/11\/mood4.png 2000w\" sizes=\"(max-width: 1024px) 100vw, 1024px\" \/>\t\t\t\t\t\t\t\t\t\t\t\t\t\t\t<\/div>\n\t\t\t\t<div class=\"elementor-element elementor-element-ab521fc elementor-widget elementor-widget-text-editor\" data-id=\"ab521fc\" data-element_type=\"widget\" data-e-type=\"widget\" data-widget_type=\"text-editor.default\">\n\t\t\t\t\t\t\t\t\t<p>Projet de maison contemporaine \u00e0 Brindas.<\/p>\t\t\t\t\t\t\t\t<\/div>\n\t\t\t\t\t<\/div>\n\t\t<\/div>\n\t\t\t\t\t<\/div>\n\t\t<\/section>\n\t\t\t\t<div class=\"elementor-element elementor-element-5da6392 elementor-widget elementor-widget-spacer\" data-id=\"5da6392\" data-element_type=\"widget\" data-e-type=\"widget\" data-widget_type=\"spacer.default\">\n\t\t\t\t\t\t\t<div class=\"elementor-spacer\">\n\t\t\t<div class=\"elementor-spacer-inner\"><\/div>\n\t\t<\/div>\n\t\t\t\t\t\t<\/div>\n\t\t\t\t<section class=\"elementor-section elementor-inner-section elementor-element elementor-element-418fe58 elementor-section-boxed elementor-section-height-default elementor-section-height-default\" data-id=\"418fe58\" data-element_type=\"section\" data-e-type=\"section\">\n\t\t\t\t\t\t<div class=\"elementor-container elementor-column-gap-default\">\n\t\t\t\t\t<div class=\"elementor-column elementor-col-50 elementor-inner-column elementor-element elementor-element-547fd27\" data-id=\"547fd27\" data-element_type=\"column\" data-e-type=\"column\">\n\t\t\t<div class=\"elementor-widget-wrap elementor-element-populated\">\n\t\t\t\t\t\t<div class=\"elementor-element elementor-element-258fc96 elementor-widget elementor-widget-image\" data-id=\"258fc96\" data-element_type=\"widget\" data-e-type=\"widget\" data-widget_type=\"image.default\">\n\t\t\t\t\t\t\t\t\t\t\t\t\t\t\t<img loading=\"lazy\" decoding=\"async\" width=\"1024\" height=\"819\" src=\"https:\/\/www.couleurnude.fr\/wp-content\/uploads\/2022\/12\/mood5-1024x819.png\" class=\"attachment-large size-large wp-image-883\" alt=\"\" srcset=\"https:\/\/www.couleurnude.fr\/wp-content\/uploads\/2022\/12\/mood5-1024x819.png 1024w, https:\/\/www.couleurnude.fr\/wp-content\/uploads\/2022\/12\/mood5-300x240.png 300w, https:\/\/www.couleurnude.fr\/wp-content\/uploads\/2022\/12\/mood5-768x614.png 768w, https:\/\/www.couleurnude.fr\/wp-content\/uploads\/2022\/12\/mood5-1536x1229.png 1536w, https:\/\/www.couleurnude.fr\/wp-content\/uploads\/2022\/12\/mood5-75x60.png 75w, https:\/\/www.couleurnude.fr\/wp-content\/uploads\/2022\/12\/mood5-24x19.png 24w, https:\/\/www.couleurnude.fr\/wp-content\/uploads\/2022\/12\/mood5-36x29.png 36w, https:\/\/www.couleurnude.fr\/wp-content\/uploads\/2022\/12\/mood5-48x38.png 48w, https:\/\/www.couleurnude.fr\/wp-content\/uploads\/2022\/12\/mood5.png 2000w\" sizes=\"(max-width: 1024px) 100vw, 1024px\" \/>\t\t\t\t\t\t\t\t\t\t\t\t\t\t\t<\/div>\n\t\t\t\t<div class=\"elementor-element elementor-element-a83c90e elementor-widget elementor-widget-text-editor\" data-id=\"a83c90e\" data-element_type=\"widget\" data-e-type=\"widget\" data-widget_type=\"text-editor.default\">\n\t\t\t\t\t\t\t\t\t<p>Projet d&rsquo;ameublement cuisine \u00e0 Brindas.<\/p>\t\t\t\t\t\t\t\t<\/div>\n\t\t\t\t\t<\/div>\n\t\t<\/div>\n\t\t\t\t<div class=\"elementor-column elementor-col-50 elementor-inner-column elementor-element elementor-element-72ca18c\" data-id=\"72ca18c\" data-element_type=\"column\" data-e-type=\"column\">\n\t\t\t<div class=\"elementor-widget-wrap elementor-element-populated\">\n\t\t\t\t\t\t<div class=\"elementor-element elementor-element-439087e elementor-widget elementor-widget-image\" data-id=\"439087e\" data-element_type=\"widget\" data-e-type=\"widget\" data-widget_type=\"image.default\">\n\t\t\t\t\t\t\t\t\t\t\t\t\t\t\t<img loading=\"lazy\" decoding=\"async\" width=\"1024\" height=\"819\" src=\"https:\/\/www.couleurnude.fr\/wp-content\/uploads\/2022\/12\/mood6-1024x819.png\" class=\"attachment-large size-large wp-image-884\" alt=\"\" srcset=\"https:\/\/www.couleurnude.fr\/wp-content\/uploads\/2022\/12\/mood6-1024x819.png 1024w, https:\/\/www.couleurnude.fr\/wp-content\/uploads\/2022\/12\/mood6-300x240.png 300w, https:\/\/www.couleurnude.fr\/wp-content\/uploads\/2022\/12\/mood6-768x614.png 768w, https:\/\/www.couleurnude.fr\/wp-content\/uploads\/2022\/12\/mood6-1536x1229.png 1536w, https:\/\/www.couleurnude.fr\/wp-content\/uploads\/2022\/12\/mood6-75x60.png 75w, https:\/\/www.couleurnude.fr\/wp-content\/uploads\/2022\/12\/mood6-24x19.png 24w, https:\/\/www.couleurnude.fr\/wp-content\/uploads\/2022\/12\/mood6-36x29.png 36w, https:\/\/www.couleurnude.fr\/wp-content\/uploads\/2022\/12\/mood6-48x38.png 48w, https:\/\/www.couleurnude.fr\/wp-content\/uploads\/2022\/12\/mood6.png 2000w\" sizes=\"(max-width: 1024px) 100vw, 1024px\" \/>\t\t\t\t\t\t\t\t\t\t\t\t\t\t\t<\/div>\n\t\t\t\t<div class=\"elementor-element elementor-element-84471f8 elementor-widget elementor-widget-text-editor\" data-id=\"84471f8\" data-element_type=\"widget\" data-e-type=\"widget\" data-widget_type=\"text-editor.default\">\n\t\t\t\t\t\t\t\t\t<p>Projet d&rsquo;am\u00e9nagement \u00e0 Marcy-l&rsquo;\u00c9toile.<\/p>\t\t\t\t\t\t\t\t<\/div>\n\t\t\t\t\t<\/div>\n\t\t<\/div>\n\t\t\t\t\t<\/div>\n\t\t<\/section>\n\t\t\t\t<div class=\"elementor-element elementor-element-fd1e336 elementor-widget elementor-widget-spacer\" data-id=\"fd1e336\" data-element_type=\"widget\" data-e-type=\"widget\" data-widget_type=\"spacer.default\">\n\t\t\t\t\t\t\t<div class=\"elementor-spacer\">\n\t\t\t<div class=\"elementor-spacer-inner\"><\/div>\n\t\t<\/div>\n\t\t\t\t\t\t<\/div>\n\t\t\t\t<section class=\"elementor-section elementor-inner-section elementor-element elementor-element-5c0c236 elementor-section-boxed elementor-section-height-default elementor-section-height-default\" data-id=\"5c0c236\" data-element_type=\"section\" data-e-type=\"section\">\n\t\t\t\t\t\t<div class=\"elementor-container elementor-column-gap-default\">\n\t\t\t\t\t<div class=\"elementor-column elementor-col-50 elementor-inner-column elementor-element elementor-element-b5f3bbc\" data-id=\"b5f3bbc\" data-element_type=\"column\" data-e-type=\"column\">\n\t\t\t<div class=\"elementor-widget-wrap elementor-element-populated\">\n\t\t\t\t\t\t<div class=\"elementor-element elementor-element-b28e319 elementor-widget elementor-widget-image\" data-id=\"b28e319\" data-element_type=\"widget\" data-e-type=\"widget\" data-widget_type=\"image.default\">\n\t\t\t\t\t\t\t\t\t\t\t\t\t\t\t<img loading=\"lazy\" decoding=\"async\" width=\"1024\" height=\"819\" src=\"https:\/\/www.couleurnude.fr\/wp-content\/uploads\/2022\/12\/mood7-1024x819.png\" class=\"attachment-large size-large wp-image-885\" alt=\"\" srcset=\"https:\/\/www.couleurnude.fr\/wp-content\/uploads\/2022\/12\/mood7-1024x819.png 1024w, https:\/\/www.couleurnude.fr\/wp-content\/uploads\/2022\/12\/mood7-300x240.png 300w, https:\/\/www.couleurnude.fr\/wp-content\/uploads\/2022\/12\/mood7-768x614.png 768w, https:\/\/www.couleurnude.fr\/wp-content\/uploads\/2022\/12\/mood7-1536x1229.png 1536w, https:\/\/www.couleurnude.fr\/wp-content\/uploads\/2022\/12\/mood7-75x60.png 75w, https:\/\/www.couleurnude.fr\/wp-content\/uploads\/2022\/12\/mood7-24x19.png 24w, https:\/\/www.couleurnude.fr\/wp-content\/uploads\/2022\/12\/mood7-36x29.png 36w, https:\/\/www.couleurnude.fr\/wp-content\/uploads\/2022\/12\/mood7-48x38.png 48w, https:\/\/www.couleurnude.fr\/wp-content\/uploads\/2022\/12\/mood7.png 2000w\" sizes=\"(max-width: 1024px) 100vw, 1024px\" \/>\t\t\t\t\t\t\t\t\t\t\t\t\t\t\t<\/div>\n\t\t\t\t<div class=\"elementor-element elementor-element-16218d1 elementor-widget elementor-widget-text-editor\" data-id=\"16218d1\" data-element_type=\"widget\" data-e-type=\"widget\" data-widget_type=\"text-editor.default\">\n\t\t\t\t\t\t\t\t\t<p>Projet de maison contemporaine \u00e0 Marcy-l&rsquo;\u00c9toile.<\/p>\t\t\t\t\t\t\t\t<\/div>\n\t\t\t\t\t<\/div>\n\t\t<\/div>\n\t\t\t\t<div class=\"elementor-column elementor-col-50 elementor-inner-column elementor-element elementor-element-c087565\" data-id=\"c087565\" data-element_type=\"column\" data-e-type=\"column\">\n\t\t\t<div class=\"elementor-widget-wrap elementor-element-populated\">\n\t\t\t\t\t\t<div class=\"elementor-element elementor-element-bb43f03 elementor-widget elementor-widget-image\" data-id=\"bb43f03\" data-element_type=\"widget\" data-e-type=\"widget\" data-widget_type=\"image.default\">\n\t\t\t\t\t\t\t\t\t\t\t\t\t\t\t<img loading=\"lazy\" decoding=\"async\" width=\"1024\" height=\"819\" src=\"https:\/\/www.couleurnude.fr\/wp-content\/uploads\/2022\/11\/20220802_115428_0000-1024x819.png\" class=\"attachment-large size-large wp-image-765\" alt=\"\" srcset=\"https:\/\/www.couleurnude.fr\/wp-content\/uploads\/2022\/11\/20220802_115428_0000-1024x819.png 1024w, https:\/\/www.couleurnude.fr\/wp-content\/uploads\/2022\/11\/20220802_115428_0000-300x240.png 300w, https:\/\/www.couleurnude.fr\/wp-content\/uploads\/2022\/11\/20220802_115428_0000-768x614.png 768w, https:\/\/www.couleurnude.fr\/wp-content\/uploads\/2022\/11\/20220802_115428_0000-1536x1229.png 1536w, https:\/\/www.couleurnude.fr\/wp-content\/uploads\/2022\/11\/20220802_115428_0000-75x60.png 75w, https:\/\/www.couleurnude.fr\/wp-content\/uploads\/2022\/11\/20220802_115428_0000.png 2000w\" sizes=\"(max-width: 1024px) 100vw, 1024px\" \/>\t\t\t\t\t\t\t\t\t\t\t\t\t\t\t<\/div>\n\t\t\t\t<div class=\"elementor-element elementor-element-5ba6355 elementor-widget elementor-widget-text-editor\" data-id=\"5ba6355\" data-element_type=\"widget\" data-e-type=\"widget\" data-widget_type=\"text-editor.default\">\n\t\t\t\t\t\t\t\t\t<p>Projet de maison contemporaine \u00e0 Marcy-l&rsquo;\u00c9toile.<\/p>\t\t\t\t\t\t\t\t<\/div>\n\t\t\t\t\t<\/div>\n\t\t<\/div>\n\t\t\t\t\t<\/div>\n\t\t<\/section>\n\t\t\t\t\t<\/div>\n\t\t<\/div>\n\t\t\t\t\t<\/div>\n\t\t<\/section>\n\t\t\t\t<\/div>\n\t\t","protected":false},"excerpt":{"rendered":"<p>Mes Moodboards Projet de maison contemporaine \u00e0 Brindas. Projet de maison contemporaine \u00e0 Marcy-l&rsquo;\u00c9toile. Projet de maison comtemporaine \u00e0 Charbonni\u00e8re. Projet de maison contemporaine \u00e0 &hellip; <\/p>\n","protected":false},"author":1,"featured_media":0,"parent":0,"menu_order":0,"comment_status":"closed","ping_status":"closed","template":"","meta":{"om_disable_all_campaigns":false,"_monsterinsights_skip_tracking":false,"_monsterinsights_sitenote_active":false,"_monsterinsights_sitenote_note":"","_monsterinsights_sitenote_category":0,"footnotes":""},"class_list":["post-847","page","type-page","status-publish","hentry","latest_post"],"aioseo_notices":[],"_links":{"self":[{"href":"https:\/\/www.couleurnude.fr\/index.php\/wp-json\/wp\/v2\/pages\/847","targetHints":{"allow":["GET"]}}],"collection":[{"href":"https:\/\/www.couleurnude.fr\/index.php\/wp-json\/wp\/v2\/pages"}],"about":[{"href":"https:\/\/www.couleurnude.fr\/index.php\/wp-json\/wp\/v2\/types\/page"}],"author":[{"embeddable":true,"href":"https:\/\/www.couleurnude.fr\/index.php\/wp-json\/wp\/v2\/users\/1"}],"replies":[{"embeddable":true,"href":"https:\/\/www.couleurnude.fr\/index.php\/wp-json\/wp\/v2\/comments?post=847"}],"version-history":[{"count":92,"href":"https:\/\/www.couleurnude.fr\/index.php\/wp-json\/wp\/v2\/pages\/847\/revisions"}],"predecessor-version":[{"id":1276,"href":"https:\/\/www.couleurnude.fr\/index.php\/wp-json\/wp\/v2\/pages\/847\/revisions\/1276"}],"wp:attachment":[{"href":"https:\/\/www.couleurnude.fr\/index.php\/wp-json\/wp\/v2\/media?parent=847"}],"curies":[{"name":"wp","href":"https:\/\/api.w.org\/{rel}","templated":true}]}}